{"id":83,"date":"2024-11-12T21:31:12","date_gmt":"2024-11-12T21:31:12","guid":{"rendered":"https:\/\/aabbsalvador.com.br\/site\/?page_id=83"},"modified":"2024-11-13T16:24:25","modified_gmt":"2024-11-13T19:24:25","slug":"horario-de-funcionamento","status":"publish","type":"page","link":"https:\/\/aabbsalvador.com.br\/site\/horario-de-funcionamento\/","title":{"rendered":"HOR\u00c1RIO DE FUNCIONAMENTO"},"content":{"rendered":"\t\t<div data-elementor-type=\"wp-page\" data-elementor-id=\"83\" class=\"elementor elementor-83\">\n\t\t\t\t<div class=\"elementor-element elementor-element-9e96f46 e-flex e-con-boxed e-con e-parent\" data-id=\"9e96f46\" data-element_type=\"container\" data-settings=\"{&quot;background_background&quot;:&quot;classic&quot;}\">\n\t\t\t\t\t<div class=\"e-con-inner\">\n\t\t<div class=\"elementor-element elementor-element-00797fe e-con-full e-flex e-con e-child\" data-id=\"00797fe\" data-element_type=\"container\">\n\t\t\t\t<div class=\"elementor-element elementor-element-6a0a39e elementor-widget elementor-widget-heading\" data-id=\"6a0a39e\" data-element_type=\"widget\" data-widget_type=\"heading.default\">\n\t\t\t\t<div class=\"elementor-widget-container\">\n\t\t\t<h2 class=\"elementor-heading-title elementor-size-default\">Hor\u00e1rio de funcionamento<\/h2>\t\t<\/div>\n\t\t\t\t<\/div>\n\t\t\t\t<\/div>\n\t\t\t\t\t<\/div>\n\t\t\t\t<\/div>\n\t\t<div class=\"elementor-element elementor-element-f1cc0e3 e-flex e-con-boxed e-con e-parent\" data-id=\"f1cc0e3\" data-element_type=\"container\">\n\t\t\t\t\t<div class=\"e-con-inner\">\n\t\t<div class=\"elementor-element elementor-element-6a3f6a3 e-con-full e-flex e-con e-child\" data-id=\"6a3f6a3\" data-element_type=\"container\">\n\t\t<div class=\"elementor-element elementor-element-b14c225 e-con-full e-flex e-con e-child\" data-id=\"b14c225\" data-element_type=\"container\">\n\t\t\t\t<div class=\"elementor-element elementor-element-4fc88a9 elementor-widget elementor-widget-text-editor\" data-id=\"4fc88a9\" data-element_type=\"widget\" data-widget_type=\"text-editor.default\">\n\t\t\t\t<div class=\"elementor-widget-container\">\n\t\t\t\t\t\t\t<p><strong>PISCINA\u00a0<\/strong><\/p><p>Ter\u00e7a a Sexta:<\/p><p>08h00 \u00e0s 21h00 s\u00e1bado, domingo e feriado: 08H00 \u00e0s 18h00<\/p><p>\u00a0<\/p><p><strong>SAUNA<\/strong><\/p><p>Ter\u00e7a \u00e1 quinta de 18h \u00e0s\u00a020h<\/p><p>Sexta de 15h \u00e0s 17h<\/p><p>S\u00e1bado, domingo e feriado de 10h \u00e0s 17h30<\/p><p>\u00a0<\/p><p><strong>ADMINISTRATIVO<\/strong><\/p><p>Ter\u00e7a a Domingo:<\/p><p>08h \u00e0s 18h<\/p><p>*O clube AABB Salvador n\u00e3o funciona dia de segunda-feira. Este dia \u00e9 destinado a manuten\u00e7\u00e3o. Qualquer mudan\u00e7a no dia e hor\u00e1rio de funcionamento, avisaremos pelas redes sociais.<\/p>\t\t\t\t\t\t<\/div>\n\t\t\t\t<\/div>\n\t\t\t\t<\/div>\n\t\t\t\t<\/div>\n\t\t\t\t\t<\/div>\n\t\t\t\t<\/div>\n\t\t\t\t<\/div>\n\t\t","protected":false},"excerpt":{"rendered":"<p>Hor\u00e1rio de funcionamento PISCINA\u00a0 Ter\u00e7a a Sexta: 08h00 \u00e0s 21h00 s\u00e1bado, domingo e feriado: 08H00 \u00e0s 18h00 \u00a0 SAUNA Ter\u00e7a \u00e1 quinta de 18h \u00e0s\u00a020h Sexta de 15h \u00e0s 17h S\u00e1bado, domingo e feriado de 10h \u00e0s 17h30 \u00a0 ADMINISTRATIVO Ter\u00e7a a Domingo: 08h \u00e0s 18h *O clube AABB Salvador n\u00e3o funciona dia de segunda-feira. [&hellip;]<\/p>\n","protected":false},"author":1,"featured_media":0,"parent":0,"menu_order":0,"comment_status":"closed","ping_status":"closed","template":"elementor_header_footer","meta":{"footnotes":""},"class_list":["post-83","page","type-page","status-publish","hentry"],"_links":{"self":[{"href":"https:\/\/aabbsalvador.com.br\/site\/wp-json\/wp\/v2\/pages\/83","targetHints":{"allow":["GET"]}}],"collection":[{"href":"https:\/\/aabbsalvador.com.br\/site\/wp-json\/wp\/v2\/pages"}],"about":[{"href":"https:\/\/aabbsalvador.com.br\/site\/wp-json\/wp\/v2\/types\/page"}],"author":[{"embeddable":true,"href":"https:\/\/aabbsalvador.com.br\/site\/wp-json\/wp\/v2\/users\/1"}],"replies":[{"embeddable":true,"href":"https:\/\/aabbsalvador.com.br\/site\/wp-json\/wp\/v2\/comments?post=83"}],"version-history":[{"count":6,"href":"https:\/\/aabbsalvador.com.br\/site\/wp-json\/wp\/v2\/pages\/83\/revisions"}],"predecessor-version":[{"id":301,"href":"https:\/\/aabbsalvador.com.br\/site\/wp-json\/wp\/v2\/pages\/83\/revisions\/301"}],"wp:attachment":[{"href":"https:\/\/aabbsalvador.com.br\/site\/wp-json\/wp\/v2\/media?parent=83"}],"curies":[{"name":"wp","href":"https:\/\/api.w.org\/{rel}","templated":true}]}}