{"id":81,"date":"2024-11-12T21:31:01","date_gmt":"2024-11-12T21:31:01","guid":{"rendered":"https:\/\/aabbsalvador.com.br\/site\/?page_id=81"},"modified":"2024-11-13T16:22:57","modified_gmt":"2024-11-13T19:22:57","slug":"aabb-comunidade","status":"publish","type":"page","link":"https:\/\/aabbsalvador.com.br\/site\/aabb-comunidade\/","title":{"rendered":"AABB COMUNIDADE"},"content":{"rendered":"\t\t<div data-elementor-type=\"wp-page\" data-elementor-id=\"81\" class=\"elementor elementor-81\">\n\t\t\t\t<div class=\"elementor-element elementor-element-31628c8 e-flex e-con-boxed e-con e-parent\" data-id=\"31628c8\" data-element_type=\"container\" data-settings=\"{&quot;background_background&quot;:&quot;classic&quot;}\">\n\t\t\t\t\t<div class=\"e-con-inner\">\n\t\t<div class=\"elementor-element elementor-element-9af7df5 e-con-full e-flex e-con e-child\" data-id=\"9af7df5\" data-element_type=\"container\">\n\t\t\t\t<div class=\"elementor-element elementor-element-051fa75 elementor-widget elementor-widget-heading\" data-id=\"051fa75\" data-element_type=\"widget\" data-widget_type=\"heading.default\">\n\t\t\t\t<div class=\"elementor-widget-container\">\n\t\t\t<h2 class=\"elementor-heading-title elementor-size-default\">AABB COMUNIDADE<\/h2>\t\t<\/div>\n\t\t\t\t<\/div>\n\t\t\t\t<\/div>\n\t\t\t\t\t<\/div>\n\t\t\t\t<\/div>\n\t\t<div class=\"elementor-element elementor-element-0644ee7 e-flex e-con-boxed e-con e-parent\" data-id=\"0644ee7\" data-element_type=\"container\">\n\t\t\t\t\t<div class=\"e-con-inner\">\n\t\t<div class=\"elementor-element elementor-element-3011c21 e-con-full e-flex e-con e-child\" data-id=\"3011c21\" data-element_type=\"container\">\n\t\t<div class=\"elementor-element elementor-element-528138c e-con-full e-flex e-con e-child\" data-id=\"528138c\" data-element_type=\"container\">\n\t\t\t\t<div class=\"elementor-element elementor-element-d390a56 elementor-widget elementor-widget-heading\" data-id=\"d390a56\" data-element_type=\"widget\" data-widget_type=\"heading.default\">\n\t\t\t\t<div class=\"elementor-widget-container\">\n\t\t\t<h2 class=\"elementor-heading-title elementor-size-default\">Programa garante atendimento a 240 educandos em Salvador<\/h2>\t\t<\/div>\n\t\t\t\t<\/div>\n\t\t\t\t<div class=\"elementor-element elementor-element-1d232d3 elementor-widget elementor-widget-text-editor\" data-id=\"1d232d3\" data-element_type=\"widget\" data-widget_type=\"text-editor.default\">\n\t\t\t\t<div class=\"elementor-widget-container\">\n\t\t\t\t\t\t\t<p>Em todo Brasil o Programa Integra\u00e7\u00e3o AABB Comunidade, existente h\u00e1 30 anos, atende cerca de 40 mil educandos e fazem parte do programa mais de 2 mil educadores sociais e in\u00fameros colaboradores de diferentes \u00e1reas \u2013 professores, m\u00e9dicos, dentistas, assistentes sociais, entre outros.<\/p><p>Por meio de conv\u00eanio entre o Banco do Brasil, a Funda\u00e7\u00e3o Banco do Brasil (FBB), a Federa\u00e7\u00e3o das AABBs (FENABB), a AABB Salvador e a Prefeitura Municipal do Salvador\/Funda\u00e7\u00e3o Cidade M\u00e3e, o Programa atende em Salvador 240 educandos, entre sete e 18 anos incompletos. O trabalho \u00e9 voltado para crian\u00e7as e adolescentes que moram em comunidades circunvizinhas ao clube, e exige que o educando esteja matriculado e frequentando regularmente as aulas na rede p\u00fablica de ensino para participar do projeto.<\/p><p>O Programa AABB Comunidade consiste em uma proposta de complementa\u00e7\u00e3o educacional, baseada na valoriza\u00e7\u00e3o da cultura do educando e de sua comunidade. Essa complementa\u00e7\u00e3o \u00e9 efetivada por meio de atividades l\u00fadicas desenvolvidas em torno de \u00e1reas como sa\u00fade e higiene, esporte e linguagens art\u00edsticas como artes e dan\u00e7a, apoio pedag\u00f3gico e inclus\u00e3o digital, possibilitando a constru\u00e7\u00e3o de conhecimentos e o acesso \u00e0 cidadania.<\/p><p><strong>Contato<\/strong><br \/><strong>E-mail:<\/strong>\u00a0fcmaabb@salvador.ba.gov.br<br \/><strong>Telefone:<\/strong>\u00a0(71)2106-8261<br \/><strong>Site<\/strong>: www.aabbcomunidade.com.br<\/p><p><strong>Equipe T\u00e9cnica<\/strong><br \/><strong>Presidente AABB Salvador<\/strong>\u00a0\u2013 Ulisses Oliveira<br \/><strong>Presidente Funda\u00e7\u00e3o Cidade M\u00e3e<\/strong>\u00a0\u2013 Taissa Gama<br \/><strong>Gerente T\u00e9cnico<\/strong>\u00a0\u2013 Eliane Br\u00e1s<br \/><strong>Gestora de Equipamento P\u00fablico<\/strong>\u00a0\u2013 Krissia Tavares<br \/><strong>Coordenadora Pedag\u00f3gica<\/strong>\u00a0\u2013 Annelisse Matos<br \/><strong>Psicopedagoga<\/strong>\u00a0\u2013 Lis Sandra Pican\u00e7o<\/p><p><strong>Educadores<\/strong><br \/>J\u00falio Cardoso<br \/>Gilm\u00e1rio Borges<br \/>Dion\u00edsio Filho<br \/>Jodeilson Pereira<br \/>Maristela Gomes<br \/>Vera Lessa<\/p><p><strong>Merendeiras<\/strong><br \/>Eliene Pedreira<br \/>Cristiane dos Santos<\/p><p><strong>Auxiliar de Servi\u00e7os Gerais<\/strong><br \/>Roberto dos Santos<\/p>\t\t\t\t\t\t<\/div>\n\t\t\t\t<\/div>\n\t\t\t\t<div class=\"elementor-element elementor-element-f692b76 elementor-widget elementor-widget-image\" data-id=\"f692b76\" data-element_type=\"widget\" data-widget_type=\"image.default\">\n\t\t\t\t<div class=\"elementor-widget-container\">\n\t\t\t\t\t\t\t\t\t\t\t\t\t<img fetchpriority=\"high\" decoding=\"async\" width=\"448\" height=\"510\" src=\"https:\/\/aabbsalvador.com.br\/site\/wp-content\/uploads\/2024\/11\/aabbcomunidade7.jpg\" class=\"attachment-large size-large wp-image-283\" alt=\"\" srcset=\"https:\/\/aabbsalvador.com.br\/site\/wp-content\/uploads\/2024\/11\/aabbcomunidade7.jpg 448w, https:\/\/aabbsalvador.com.br\/site\/wp-content\/uploads\/2024\/11\/aabbcomunidade7-264x300.jpg 264w\" sizes=\"(max-width: 448px) 100vw, 448px\" \/>\t\t\t\t\t\t\t\t\t\t\t\t\t<\/div>\n\t\t\t\t<\/div>\n\t\t\t\t<div class=\"elementor-element elementor-element-d61e9e8 elementor-widget elementor-widget-image\" data-id=\"d61e9e8\" data-element_type=\"widget\" data-widget_type=\"image.default\">\n\t\t\t\t<div class=\"elementor-widget-container\">\n\t\t\t\t\t\t\t\t\t\t\t\t\t<img decoding=\"async\" width=\"510\" height=\"383\" src=\"https:\/\/aabbsalvador.com.br\/site\/wp-content\/uploads\/2024\/11\/aabbcomunidade14.jpg\" class=\"attachment-large size-large wp-image-282\" alt=\"\" srcset=\"https:\/\/aabbsalvador.com.br\/site\/wp-content\/uploads\/2024\/11\/aabbcomunidade14.jpg 510w, https:\/\/aabbsalvador.com.br\/site\/wp-content\/uploads\/2024\/11\/aabbcomunidade14-300x225.jpg 300w\" sizes=\"(max-width: 510px) 100vw, 510px\" \/>\t\t\t\t\t\t\t\t\t\t\t\t\t<\/div>\n\t\t\t\t<\/div>\n\t\t\t\t<div class=\"elementor-element elementor-element-0166903 elementor-widget elementor-widget-image\" data-id=\"0166903\" data-element_type=\"widget\" data-widget_type=\"image.default\">\n\t\t\t\t<div class=\"elementor-widget-container\">\n\t\t\t\t\t\t\t\t\t\t\t\t\t<img decoding=\"async\" width=\"510\" height=\"336\" src=\"https:\/\/aabbsalvador.com.br\/site\/wp-content\/uploads\/2024\/11\/aabbcomunidade3.jpg\" class=\"attachment-large size-large wp-image-281\" alt=\"\" srcset=\"https:\/\/aabbsalvador.com.br\/site\/wp-content\/uploads\/2024\/11\/aabbcomunidade3.jpg 510w, https:\/\/aabbsalvador.com.br\/site\/wp-content\/uploads\/2024\/11\/aabbcomunidade3-300x198.jpg 300w\" sizes=\"(max-width: 510px) 100vw, 510px\" \/>\t\t\t\t\t\t\t\t\t\t\t\t\t<\/div>\n\t\t\t\t<\/div>\n\t\t\t\t<div class=\"elementor-element elementor-element-1b4fd69 elementor-widget elementor-widget-image\" data-id=\"1b4fd69\" data-element_type=\"widget\" data-widget_type=\"image.default\">\n\t\t\t\t<div class=\"elementor-widget-container\">\n\t\t\t\t\t\t\t\t\t\t\t\t\t<img loading=\"lazy\" decoding=\"async\" width=\"428\" height=\"570\" src=\"https:\/\/aabbsalvador.com.br\/site\/wp-content\/uploads\/2024\/11\/aabbcomunidade10.jpg\" class=\"attachment-large size-large wp-image-279\" alt=\"\" srcset=\"https:\/\/aabbsalvador.com.br\/site\/wp-content\/uploads\/2024\/11\/aabbcomunidade10.jpg 428w, https:\/\/aabbsalvador.com.br\/site\/wp-content\/uploads\/2024\/11\/aabbcomunidade10-225x300.jpg 225w\" sizes=\"(max-width: 428px) 100vw, 428px\" \/>\t\t\t\t\t\t\t\t\t\t\t\t\t<\/div>\n\t\t\t\t<\/div>\n\t\t\t\t<div class=\"elementor-element elementor-element-7685fb7 elementor-widget elementor-widget-image\" data-id=\"7685fb7\" data-element_type=\"widget\" data-widget_type=\"image.default\">\n\t\t\t\t<div class=\"elementor-widget-container\">\n\t\t\t\t\t\t\t\t\t\t\t\t\t<img loading=\"lazy\" decoding=\"async\" width=\"510\" height=\"287\" src=\"https:\/\/aabbsalvador.com.br\/site\/wp-content\/uploads\/2024\/11\/aabbcomunidade2-1.jpg\" class=\"attachment-large size-large wp-image-290\" alt=\"\" srcset=\"https:\/\/aabbsalvador.com.br\/site\/wp-content\/uploads\/2024\/11\/aabbcomunidade2-1.jpg 510w, https:\/\/aabbsalvador.com.br\/site\/wp-content\/uploads\/2024\/11\/aabbcomunidade2-1-300x169.jpg 300w\" sizes=\"(max-width: 510px) 100vw, 510px\" \/>\t\t\t\t\t\t\t\t\t\t\t\t\t<\/div>\n\t\t\t\t<\/div>\n\t\t\t\t<div class=\"elementor-element elementor-element-d4cc4fa elementor-widget elementor-widget-image\" data-id=\"d4cc4fa\" data-element_type=\"widget\" data-widget_type=\"image.default\">\n\t\t\t\t<div class=\"elementor-widget-container\">\n\t\t\t\t\t\t\t\t\t\t\t\t\t<img loading=\"lazy\" decoding=\"async\" width=\"510\" height=\"383\" src=\"https:\/\/aabbsalvador.com.br\/site\/wp-content\/uploads\/2024\/11\/aabbcomunidade5.jpg\" class=\"attachment-large size-large wp-image-277\" alt=\"\" srcset=\"https:\/\/aabbsalvador.com.br\/site\/wp-content\/uploads\/2024\/11\/aabbcomunidade5.jpg 510w, https:\/\/aabbsalvador.com.br\/site\/wp-content\/uploads\/2024\/11\/aabbcomunidade5-300x225.jpg 300w\" sizes=\"(max-width: 510px) 100vw, 510px\" \/>\t\t\t\t\t\t\t\t\t\t\t\t\t<\/div>\n\t\t\t\t<\/div>\n\t\t\t\t<div class=\"elementor-element elementor-element-bfb4be7 elementor-widget elementor-widget-image\" data-id=\"bfb4be7\" data-element_type=\"widget\" data-widget_type=\"image.default\">\n\t\t\t\t<div class=\"elementor-widget-container\">\n\t\t\t\t\t\t\t\t\t\t\t\t\t<img loading=\"lazy\" decoding=\"async\" width=\"428\" height=\"510\" src=\"https:\/\/aabbsalvador.com.br\/site\/wp-content\/uploads\/2024\/11\/aabbcomunidade1.jpg\" class=\"attachment-large size-large wp-image-276\" alt=\"\" srcset=\"https:\/\/aabbsalvador.com.br\/site\/wp-content\/uploads\/2024\/11\/aabbcomunidade1.jpg 428w, https:\/\/aabbsalvador.com.br\/site\/wp-content\/uploads\/2024\/11\/aabbcomunidade1-252x300.jpg 252w\" sizes=\"(max-width: 428px) 100vw, 428px\" \/>\t\t\t\t\t\t\t\t\t\t\t\t\t<\/div>\n\t\t\t\t<\/div>\n\t\t\t\t<div class=\"elementor-element elementor-element-b67ace9 elementor-widget elementor-widget-image\" data-id=\"b67ace9\" data-element_type=\"widget\" data-widget_type=\"image.default\">\n\t\t\t\t<div class=\"elementor-widget-container\">\n\t\t\t\t\t\t\t\t\t\t\t\t\t<img loading=\"lazy\" decoding=\"async\" width=\"510\" height=\"383\" src=\"https:\/\/aabbsalvador.com.br\/site\/wp-content\/uploads\/2024\/11\/aabbcomunidade6.jpg\" class=\"attachment-large size-large wp-image-275\" alt=\"\" srcset=\"https:\/\/aabbsalvador.com.br\/site\/wp-content\/uploads\/2024\/11\/aabbcomunidade6.jpg 510w, https:\/\/aabbsalvador.com.br\/site\/wp-content\/uploads\/2024\/11\/aabbcomunidade6-300x225.jpg 300w\" sizes=\"(max-width: 510px) 100vw, 510px\" \/>\t\t\t\t\t\t\t\t\t\t\t\t\t<\/div>\n\t\t\t\t<\/div>\n\t\t\t\t<div class=\"elementor-element elementor-element-6866fe5 elementor-widget elementor-widget-image\" data-id=\"6866fe5\" data-element_type=\"widget\" data-widget_type=\"image.default\">\n\t\t\t\t<div class=\"elementor-widget-container\">\n\t\t\t\t\t\t\t\t\t\t\t\t\t<img loading=\"lazy\" decoding=\"async\" width=\"422\" height=\"510\" src=\"https:\/\/aabbsalvador.com.br\/site\/wp-content\/uploads\/2024\/11\/aabbcomunidade4.jpg\" class=\"attachment-large size-large wp-image-289\" alt=\"\" srcset=\"https:\/\/aabbsalvador.com.br\/site\/wp-content\/uploads\/2024\/11\/aabbcomunidade4.jpg 422w, https:\/\/aabbsalvador.com.br\/site\/wp-content\/uploads\/2024\/11\/aabbcomunidade4-248x300.jpg 248w\" sizes=\"(max-width: 422px) 100vw, 422px\" \/>\t\t\t\t\t\t\t\t\t\t\t\t\t<\/div>\n\t\t\t\t<\/div>\n\t\t\t\t<div class=\"elementor-element elementor-element-df1bec2 elementor-widget elementor-widget-image\" data-id=\"df1bec2\" data-element_type=\"widget\" data-widget_type=\"image.default\">\n\t\t\t\t<div class=\"elementor-widget-container\">\n\t\t\t\t\t\t\t\t\t\t\t\t\t<img loading=\"lazy\" decoding=\"async\" width=\"510\" height=\"383\" src=\"https:\/\/aabbsalvador.com.br\/site\/wp-content\/uploads\/2024\/11\/aabbcomunidade15.jpg\" class=\"attachment-large size-large wp-image-288\" alt=\"\" srcset=\"https:\/\/aabbsalvador.com.br\/site\/wp-content\/uploads\/2024\/11\/aabbcomunidade15.jpg 510w, https:\/\/aabbsalvador.com.br\/site\/wp-content\/uploads\/2024\/11\/aabbcomunidade15-300x225.jpg 300w\" sizes=\"(max-width: 510px) 100vw, 510px\" \/>\t\t\t\t\t\t\t\t\t\t\t\t\t<\/div>\n\t\t\t\t<\/div>\n\t\t\t\t<div class=\"elementor-element elementor-element-fba1f7e elementor-widget elementor-widget-image\" data-id=\"fba1f7e\" data-element_type=\"widget\" data-widget_type=\"image.default\">\n\t\t\t\t<div class=\"elementor-widget-container\">\n\t\t\t\t\t\t\t\t\t\t\t\t\t<img loading=\"lazy\" decoding=\"async\" width=\"428\" height=\"570\" src=\"https:\/\/aabbsalvador.com.br\/site\/wp-content\/uploads\/2024\/11\/aabbcomunidade12.jpg\" class=\"attachment-large size-large wp-image-287\" alt=\"\" srcset=\"https:\/\/aabbsalvador.com.br\/site\/wp-content\/uploads\/2024\/11\/aabbcomunidade12.jpg 428w, https:\/\/aabbsalvador.com.br\/site\/wp-content\/uploads\/2024\/11\/aabbcomunidade12-225x300.jpg 225w\" sizes=\"(max-width: 428px) 100vw, 428px\" \/>\t\t\t\t\t\t\t\t\t\t\t\t\t<\/div>\n\t\t\t\t<\/div>\n\t\t\t\t<div class=\"elementor-element elementor-element-84c11cf elementor-widget elementor-widget-image\" data-id=\"84c11cf\" data-element_type=\"widget\" data-widget_type=\"image.default\">\n\t\t\t\t<div class=\"elementor-widget-container\">\n\t\t\t\t\t\t\t\t\t\t\t\t\t<img loading=\"lazy\" decoding=\"async\" width=\"428\" height=\"570\" src=\"https:\/\/aabbsalvador.com.br\/site\/wp-content\/uploads\/2024\/11\/aabbcomunidade11.jpg\" class=\"attachment-large size-large wp-image-286\" alt=\"\" srcset=\"https:\/\/aabbsalvador.com.br\/site\/wp-content\/uploads\/2024\/11\/aabbcomunidade11.jpg 428w, https:\/\/aabbsalvador.com.br\/site\/wp-content\/uploads\/2024\/11\/aabbcomunidade11-225x300.jpg 225w\" sizes=\"(max-width: 428px) 100vw, 428px\" \/>\t\t\t\t\t\t\t\t\t\t\t\t\t<\/div>\n\t\t\t\t<\/div>\n\t\t\t\t<div class=\"elementor-element elementor-element-3899e7a elementor-widget elementor-widget-image\" data-id=\"3899e7a\" data-element_type=\"widget\" data-widget_type=\"image.default\">\n\t\t\t\t<div class=\"elementor-widget-container\">\n\t\t\t\t\t\t\t\t\t\t\t\t\t<img loading=\"lazy\" decoding=\"async\" width=\"510\" height=\"383\" src=\"https:\/\/aabbsalvador.com.br\/site\/wp-content\/uploads\/2024\/11\/aabbcomunidade8.jpg\" class=\"attachment-large size-large wp-image-285\" alt=\"\" srcset=\"https:\/\/aabbsalvador.com.br\/site\/wp-content\/uploads\/2024\/11\/aabbcomunidade8.jpg 510w, https:\/\/aabbsalvador.com.br\/site\/wp-content\/uploads\/2024\/11\/aabbcomunidade8-300x225.jpg 300w\" sizes=\"(max-width: 510px) 100vw, 510px\" \/>\t\t\t\t\t\t\t\t\t\t\t\t\t<\/div>\n\t\t\t\t<\/div>\n\t\t\t\t<div class=\"elementor-element elementor-element-47f2ef5 elementor-widget elementor-widget-image\" data-id=\"47f2ef5\" data-element_type=\"widget\" data-widget_type=\"image.default\">\n\t\t\t\t<div class=\"elementor-widget-container\">\n\t\t\t\t\t\t\t\t\t\t\t\t\t<img loading=\"lazy\" decoding=\"async\" width=\"428\" height=\"469\" src=\"https:\/\/aabbsalvador.com.br\/site\/wp-content\/uploads\/2024\/11\/aabbcomunidade13.jpg\" class=\"attachment-large size-large wp-image-284\" alt=\"\" srcset=\"https:\/\/aabbsalvador.com.br\/site\/wp-content\/uploads\/2024\/11\/aabbcomunidade13.jpg 428w, https:\/\/aabbsalvador.com.br\/site\/wp-content\/uploads\/2024\/11\/aabbcomunidade13-274x300.jpg 274w\" sizes=\"(max-width: 428px) 100vw, 428px\" \/>\t\t\t\t\t\t\t\t\t\t\t\t\t<\/div>\n\t\t\t\t<\/div>\n\t\t\t\t<\/div>\n\t\t\t\t<\/div>\n\t\t\t\t\t<\/div>\n\t\t\t\t<\/div>\n\t\t\t\t<\/div>\n\t\t","protected":false},"excerpt":{"rendered":"<p>AABB COMUNIDADE Programa garante atendimento a 240 educandos em Salvador Em todo Brasil o Programa Integra\u00e7\u00e3o AABB Comunidade, existente h\u00e1 30 anos, atende cerca de 40 mil educandos e fazem parte do programa mais de 2 mil educadores sociais e in\u00fameros colaboradores de diferentes \u00e1reas \u2013 professores, m\u00e9dicos, dentistas, assistentes sociais, entre outros. Por meio [&hellip;]<\/p>\n","protected":false},"author":1,"featured_media":0,"parent":0,"menu_order":0,"comment_status":"closed","ping_status":"closed","template":"elementor_header_footer","meta":{"footnotes":""},"class_list":["post-81","page","type-page","status-publish","hentry"],"_links":{"self":[{"href":"https:\/\/aabbsalvador.com.br\/site\/wp-json\/wp\/v2\/pages\/81","targetHints":{"allow":["GET"]}}],"collection":[{"href":"https:\/\/aabbsalvador.com.br\/site\/wp-json\/wp\/v2\/pages"}],"about":[{"href":"https:\/\/aabbsalvador.com.br\/site\/wp-json\/wp\/v2\/types\/page"}],"author":[{"embeddable":true,"href":"https:\/\/aabbsalvador.com.br\/site\/wp-json\/wp\/v2\/users\/1"}],"replies":[{"embeddable":true,"href":"https:\/\/aabbsalvador.com.br\/site\/wp-json\/wp\/v2\/comments?post=81"}],"version-history":[{"count":7,"href":"https:\/\/aabbsalvador.com.br\/site\/wp-json\/wp\/v2\/pages\/81\/revisions"}],"predecessor-version":[{"id":298,"href":"https:\/\/aabbsalvador.com.br\/site\/wp-json\/wp\/v2\/pages\/81\/revisions\/298"}],"wp:attachment":[{"href":"https:\/\/aabbsalvador.com.br\/site\/wp-json\/wp\/v2\/media?parent=81"}],"curies":[{"name":"wp","href":"https:\/\/api.w.org\/{rel}","templated":true}]}}