{"id":77,"date":"2024-11-12T21:30:45","date_gmt":"2024-11-12T21:30:45","guid":{"rendered":"https:\/\/aabbsalvador.com.br\/site\/?page_id=77"},"modified":"2024-11-13T12:33:11","modified_gmt":"2024-11-13T15:33:11","slug":"localizacao","status":"publish","type":"page","link":"https:\/\/aabbsalvador.com.br\/site\/localizacao\/","title":{"rendered":"LOCALIZA\u00c7\u00c3O"},"content":{"rendered":"\t\t<div data-elementor-type=\"wp-page\" data-elementor-id=\"77\" class=\"elementor elementor-77\">\n\t\t\t\t<div class=\"elementor-element elementor-element-df75da3 e-flex e-con-boxed e-con e-parent\" data-id=\"df75da3\" data-element_type=\"container\" data-settings=\"{&quot;background_background&quot;:&quot;classic&quot;}\">\n\t\t\t\t\t<div class=\"e-con-inner\">\n\t\t<div class=\"elementor-element elementor-element-b7f84f6 e-con-full e-flex e-con e-child\" data-id=\"b7f84f6\" data-element_type=\"container\">\n\t\t\t\t<div class=\"elementor-element elementor-element-5ebf886 elementor-widget elementor-widget-heading\" data-id=\"5ebf886\" data-element_type=\"widget\" data-widget_type=\"heading.default\">\n\t\t\t\t<div class=\"elementor-widget-container\">\n\t\t\t<h2 class=\"elementor-heading-title elementor-size-default\">Localiza\u00e7\u00e3o<\/h2>\t\t<\/div>\n\t\t\t\t<\/div>\n\t\t\t\t<\/div>\n\t\t\t\t\t<\/div>\n\t\t\t\t<\/div>\n\t\t<div class=\"elementor-element elementor-element-98804fa e-flex e-con-boxed e-con e-parent\" data-id=\"98804fa\" data-element_type=\"container\">\n\t\t\t\t\t<div class=\"e-con-inner\">\n\t\t<div class=\"elementor-element elementor-element-5f0009a e-con-full e-flex e-con e-child\" data-id=\"5f0009a\" data-element_type=\"container\">\n\t\t<div class=\"elementor-element elementor-element-5a73f33 e-con-full e-flex e-con e-child\" data-id=\"5a73f33\" data-element_type=\"container\">\n\t\t\t\t<div class=\"elementor-element elementor-element-e7a83dc elementor-widget elementor-widget-heading\" data-id=\"e7a83dc\" data-element_type=\"widget\" data-widget_type=\"heading.default\">\n\t\t\t\t<div class=\"elementor-widget-container\">\n\t\t\t<h2 class=\"elementor-heading-title elementor-size-default\">Localiza\u00e7\u00e3o do clube<\/h2>\t\t<\/div>\n\t\t\t\t<\/div>\n\t\t\t\t<div class=\"elementor-element elementor-element-b5f88e1 elementor-widget elementor-widget-text-editor\" data-id=\"b5f88e1\" data-element_type=\"widget\" data-widget_type=\"text-editor.default\">\n\t\t\t\t<div class=\"elementor-widget-container\">\n\t\t\t\t\t\t\t<p>A AABB Salvador est\u00e1 localizada no Bairro de Piat\u00e3, pr\u00f3xima a algumas das melhores praias de Salvador e do tradicional Bairro de Itapu\u00e3, t\u00e3o cantado pelo poeta Vin\u00edcius de Moraes, no seguinte endere\u00e7o: Rua Deputado Paulo Jackson s\/n \u2013 Piat\u00e3 CEP: 41.560-010 \u2013 Salvador \u2013 BA.<\/p><p>Para chegar at\u00e9 l\u00e1, voc\u00ea pode ir pela Av. Paraleala (sentido: Centro\/Itapu\u00e3) ou pela Orla Mar\u00edtima. Qualquer d\u00favida \u00e9 s\u00f3 ligar para (71) 2106-8250<\/p>\t\t\t\t\t\t<\/div>\n\t\t\t\t<\/div>\n\t\t\t\t<div class=\"elementor-element elementor-element-5723b73 elementor-widget elementor-widget-html\" data-id=\"5723b73\" data-element_type=\"widget\" data-widget_type=\"html.default\">\n\t\t\t\t<div class=\"elementor-widget-container\">\n\t\t\t<iframe src=\"https:\/\/www.google.com\/maps\/embed?pb=!1m14!1m8!1m3!1d2096.104961826254!2d-38.380557!3d-12.944532!3m2!1i1024!2i768!4f13.1!3m3!1m2!1s0x75ac46c4e9093f1%3A0x61de20c902f85e12!2sAABB%20-%20Salvador!5e1!3m2!1spt-BR!2sbr!4v1731510459468!5m2!1spt-BR!2sbr\" width=\"800\" height=\"600\" style=\"border:0;\" allowfullscreen=\"\" loading=\"lazy\" referrerpolicy=\"no-referrer-when-downgrade\"><\/iframe>\t\t<\/div>\n\t\t\t\t<\/div>\n\t\t\t\t<\/div>\n\t\t\t\t<\/div>\n\t\t\t\t\t<\/div>\n\t\t\t\t<\/div>\n\t\t\t\t<\/div>\n\t\t","protected":false},"excerpt":{"rendered":"<p>Localiza\u00e7\u00e3o Localiza\u00e7\u00e3o do clube A AABB Salvador est\u00e1 localizada no Bairro de Piat\u00e3, pr\u00f3xima a algumas das melhores praias de Salvador e do tradicional Bairro de Itapu\u00e3, t\u00e3o cantado pelo poeta Vin\u00edcius de Moraes, no seguinte endere\u00e7o: Rua Deputado Paulo Jackson s\/n \u2013 Piat\u00e3 CEP: 41.560-010 \u2013 Salvador \u2013 BA. Para chegar at\u00e9 l\u00e1, voc\u00ea [&hellip;]<\/p>\n","protected":false},"author":1,"featured_media":0,"parent":0,"menu_order":0,"comment_status":"closed","ping_status":"closed","template":"elementor_header_footer","meta":{"footnotes":""},"class_list":["post-77","page","type-page","status-publish","hentry"],"_links":{"self":[{"href":"https:\/\/aabbsalvador.com.br\/site\/wp-json\/wp\/v2\/pages\/77","targetHints":{"allow":["GET"]}}],"collection":[{"href":"https:\/\/aabbsalvador.com.br\/site\/wp-json\/wp\/v2\/pages"}],"about":[{"href":"https:\/\/aabbsalvador.com.br\/site\/wp-json\/wp\/v2\/types\/page"}],"author":[{"embeddable":true,"href":"https:\/\/aabbsalvador.com.br\/site\/wp-json\/wp\/v2\/users\/1"}],"replies":[{"embeddable":true,"href":"https:\/\/aabbsalvador.com.br\/site\/wp-json\/wp\/v2\/comments?post=77"}],"version-history":[{"count":4,"href":"https:\/\/aabbsalvador.com.br\/site\/wp-json\/wp\/v2\/pages\/77\/revisions"}],"predecessor-version":[{"id":273,"href":"https:\/\/aabbsalvador.com.br\/site\/wp-json\/wp\/v2\/pages\/77\/revisions\/273"}],"wp:attachment":[{"href":"https:\/\/aabbsalvador.com.br\/site\/wp-json\/wp\/v2\/media?parent=77"}],"curies":[{"name":"wp","href":"https:\/\/api.w.org\/{rel}","templated":true}]}}