{"id":75,"date":"2024-11-12T21:30:26","date_gmt":"2024-11-12T21:30:26","guid":{"rendered":"https:\/\/aabbsalvador.com.br\/site\/?page_id=75"},"modified":"2024-11-13T12:22:46","modified_gmt":"2024-11-13T15:22:46","slug":"missao","status":"publish","type":"page","link":"https:\/\/aabbsalvador.com.br\/site\/missao\/","title":{"rendered":"MISS\u00c3O, VIS\u00c3O E VALORES"},"content":{"rendered":"\t\t<div data-elementor-type=\"wp-page\" data-elementor-id=\"75\" class=\"elementor elementor-75\">\n\t\t\t\t<div class=\"elementor-element elementor-element-8fe5314 e-flex e-con-boxed e-con e-parent\" data-id=\"8fe5314\" data-element_type=\"container\" data-settings=\"{&quot;background_background&quot;:&quot;classic&quot;}\">\n\t\t\t\t\t<div class=\"e-con-inner\">\n\t\t<div class=\"elementor-element elementor-element-0fa646a e-con-full e-flex e-con e-child\" data-id=\"0fa646a\" data-element_type=\"container\">\n\t\t\t\t<div class=\"elementor-element elementor-element-4730058 elementor-widget elementor-widget-heading\" data-id=\"4730058\" data-element_type=\"widget\" data-widget_type=\"heading.default\">\n\t\t\t\t<div class=\"elementor-widget-container\">\n\t\t\t<h2 class=\"elementor-heading-title elementor-size-default\">Sobre a AABB<\/h2>\t\t<\/div>\n\t\t\t\t<\/div>\n\t\t\t\t<\/div>\n\t\t\t\t\t<\/div>\n\t\t\t\t<\/div>\n\t\t<div class=\"elementor-element elementor-element-b57345f e-flex e-con-boxed e-con e-parent\" data-id=\"b57345f\" data-element_type=\"container\">\n\t\t\t\t\t<div class=\"e-con-inner\">\n\t\t<div class=\"elementor-element elementor-element-f193750 e-con-full e-flex e-con e-child\" data-id=\"f193750\" data-element_type=\"container\">\n\t\t<div class=\"elementor-element elementor-element-18463a6 e-con-full e-flex e-con e-child\" data-id=\"18463a6\" data-element_type=\"container\">\n\t\t\t\t<div class=\"elementor-element elementor-element-4da6f99 elementor-widget elementor-widget-heading\" data-id=\"4da6f99\" data-element_type=\"widget\" data-widget_type=\"heading.default\">\n\t\t\t\t<div class=\"elementor-widget-container\">\n\t\t\t<h2 class=\"elementor-heading-title elementor-size-default\">Miss\u00e3o<\/h2>\t\t<\/div>\n\t\t\t\t<\/div>\n\t\t\t\t<div class=\"elementor-element elementor-element-1b66c2b elementor-widget elementor-widget-text-editor\" data-id=\"1b66c2b\" data-element_type=\"widget\" data-widget_type=\"text-editor.default\">\n\t\t\t\t<div class=\"elementor-widget-container\">\n\t\t\t\t\t\t\t<p>Promover a\u00e7\u00f5es sociais, culturais e esportivas, proporcionando o bem estar dos associados, familiares e colaborardes, em conson\u00e2ncia com aspectos ambientais.<\/p>\t\t\t\t\t\t<\/div>\n\t\t\t\t<\/div>\n\t\t\t\t<\/div>\n\t\t<div class=\"elementor-element elementor-element-da1a2a4 e-con-full e-flex e-con e-child\" data-id=\"da1a2a4\" data-element_type=\"container\">\n\t\t\t\t<div class=\"elementor-element elementor-element-fbb0c24 elementor-widget elementor-widget-heading\" data-id=\"fbb0c24\" data-element_type=\"widget\" data-widget_type=\"heading.default\">\n\t\t\t\t<div class=\"elementor-widget-container\">\n\t\t\t<h2 class=\"elementor-heading-title elementor-size-default\">Vis\u00e3o<\/h2>\t\t<\/div>\n\t\t\t\t<\/div>\n\t\t\t\t<div class=\"elementor-element elementor-element-4cd3dcd elementor-widget elementor-widget-text-editor\" data-id=\"4cd3dcd\" data-element_type=\"widget\" data-widget_type=\"text-editor.default\">\n\t\t\t\t<div class=\"elementor-widget-container\">\n\t\t\t\t\t\t\t<p>Ser reconhecido entre os 10 melhores clubes do sistema AABB, compacto e autossustent\u00e1vel, que ofere\u00e7a seguran\u00e7a e confortos aos usu\u00e1rios.<\/p>\t\t\t\t\t\t<\/div>\n\t\t\t\t<\/div>\n\t\t\t\t<\/div>\n\t\t<div class=\"elementor-element elementor-element-a09f3d4 e-con-full e-flex e-con e-child\" data-id=\"a09f3d4\" data-element_type=\"container\">\n\t\t\t\t<div class=\"elementor-element elementor-element-7f00401 elementor-widget elementor-widget-heading\" data-id=\"7f00401\" data-element_type=\"widget\" data-widget_type=\"heading.default\">\n\t\t\t\t<div class=\"elementor-widget-container\">\n\t\t\t<h2 class=\"elementor-heading-title elementor-size-default\">Valores<\/h2>\t\t<\/div>\n\t\t\t\t<\/div>\n\t\t\t\t<div class=\"elementor-element elementor-element-b1fe5ed elementor-widget elementor-widget-text-editor\" data-id=\"b1fe5ed\" data-element_type=\"widget\" data-widget_type=\"text-editor.default\">\n\t\t\t\t<div class=\"elementor-widget-container\">\n\t\t\t\t\t\t\t<p>\u00c9tica, transpar\u00eancia, responsabilidade, gest\u00e3o participativa, sustentabilidade e cumprimento das legisla\u00e7\u00f5es.<\/p>\t\t\t\t\t\t<\/div>\n\t\t\t\t<\/div>\n\t\t\t\t<\/div>\n\t\t\t\t<\/div>\n\t\t\t\t\t<\/div>\n\t\t\t\t<\/div>\n\t\t\t\t<\/div>\n\t\t","protected":false},"excerpt":{"rendered":"<p>Sobre a AABB Miss\u00e3o Promover a\u00e7\u00f5es sociais, culturais e esportivas, proporcionando o bem estar dos associados, familiares e colaborardes, em conson\u00e2ncia com aspectos ambientais. Vis\u00e3o Ser reconhecido entre os 10 melhores clubes do sistema AABB, compacto e autossustent\u00e1vel, que ofere\u00e7a seguran\u00e7a e confortos aos usu\u00e1rios. Valores \u00c9tica, transpar\u00eancia, responsabilidade, gest\u00e3o participativa, sustentabilidade e cumprimento das [&hellip;]<\/p>\n","protected":false},"author":1,"featured_media":0,"parent":0,"menu_order":0,"comment_status":"closed","ping_status":"closed","template":"elementor_header_footer","meta":{"footnotes":""},"class_list":["post-75","page","type-page","status-publish","hentry"],"_links":{"self":[{"href":"https:\/\/aabbsalvador.com.br\/site\/wp-json\/wp\/v2\/pages\/75","targetHints":{"allow":["GET"]}}],"collection":[{"href":"https:\/\/aabbsalvador.com.br\/site\/wp-json\/wp\/v2\/pages"}],"about":[{"href":"https:\/\/aabbsalvador.com.br\/site\/wp-json\/wp\/v2\/types\/page"}],"author":[{"embeddable":true,"href":"https:\/\/aabbsalvador.com.br\/site\/wp-json\/wp\/v2\/users\/1"}],"replies":[{"embeddable":true,"href":"https:\/\/aabbsalvador.com.br\/site\/wp-json\/wp\/v2\/comments?post=75"}],"version-history":[{"count":7,"href":"https:\/\/aabbsalvador.com.br\/site\/wp-json\/wp\/v2\/pages\/75\/revisions"}],"predecessor-version":[{"id":266,"href":"https:\/\/aabbsalvador.com.br\/site\/wp-json\/wp\/v2\/pages\/75\/revisions\/266"}],"wp:attachment":[{"href":"https:\/\/aabbsalvador.com.br\/site\/wp-json\/wp\/v2\/media?parent=75"}],"curies":[{"name":"wp","href":"https:\/\/api.w.org\/{rel}","templated":true}]}}